{"id":79,"date":"2017-03-25T13:29:46","date_gmt":"2017-03-25T12:29:46","guid":{"rendered":"http:\/\/chapat-energie.fr\/?page_id=79"},"modified":"2025-06-11T12:07:32","modified_gmt":"2025-06-11T10:07:32","slug":"moyens","status":"publish","type":"page","link":"https:\/\/chapat-energie.fr\/index.php\/moyens\/","title":{"rendered":"Moyens"},"content":{"rendered":"<h1>\u00a0Moyens humains<\/h1>\n<p>Une \u00e9quipe techniciens sp\u00e9cialis\u00e9s dont :<\/p>\n<ul>\n<li>Froid et la climatisation<\/li>\n<li>Plomberie et le chauffage<\/li>\n<li>Electricit\u00e9<\/li>\n<\/ul>\n<p>&nbsp;<\/p>\n<h1>Moyens mat\u00e9riels<\/h1>\n<p>&nbsp;<\/p>\n<p>L&rsquo;atelier permet de pr\u00e9parer le chantier en avance et de disposer d&rsquo;un stock permanent.<\/p>\n<p><img loading=\"lazy\" decoding=\"async\" class=\"wp-image-44 size-full aligncenter\" src=\"http:\/\/chapat-energie.fr\/wp-content\/uploads\/2017\/03\/vehicules.png\" alt=\"\" width=\"611\" height=\"302\" srcset=\"https:\/\/chapat-energie.fr\/wp-content\/uploads\/2017\/03\/vehicules.png 611w, https:\/\/chapat-energie.fr\/wp-content\/uploads\/2017\/03\/vehicules-300x148.png 300w\" sizes=\"auto, (max-width: 611px) 100vw, 611px\" \/><\/p>\n<p>Nous disposons v\u00e9hicules \u00e9quip\u00e9s en fonction du service demand\u00e9 afin de garantir une intervention rapide et efficace.<\/p>\n<p>&nbsp;<\/p>\n","protected":false},"excerpt":{"rendered":"<p>\u00a0Moyens humains Une \u00e9quipe techniciens sp\u00e9cialis\u00e9s dont : Froid et la climatisation Plomberie et le chauffage Electricit\u00e9 &nbsp; Moyens mat\u00e9riels &nbsp; L&rsquo;atelier permet de pr\u00e9parer le chantier en avance et <a class=\"more-link\" href=\"https:\/\/chapat-energie.fr\/index.php\/moyens\/\">Lire la suite \u2192<\/a><\/p>\n","protected":false},"author":1,"featured_media":0,"parent":0,"menu_order":0,"comment_status":"closed","ping_status":"closed","template":"","meta":{"footnotes":""},"class_list":["post-79","page","type-page","status-publish","hentry"],"_links":{"self":[{"href":"https:\/\/chapat-energie.fr\/index.php\/wp-json\/wp\/v2\/pages\/79","targetHints":{"allow":["GET"]}}],"collection":[{"href":"https:\/\/chapat-energie.fr\/index.php\/wp-json\/wp\/v2\/pages"}],"about":[{"href":"https:\/\/chapat-energie.fr\/index.php\/wp-json\/wp\/v2\/types\/page"}],"author":[{"embeddable":true,"href":"https:\/\/chapat-energie.fr\/index.php\/wp-json\/wp\/v2\/users\/1"}],"replies":[{"embeddable":true,"href":"https:\/\/chapat-energie.fr\/index.php\/wp-json\/wp\/v2\/comments?post=79"}],"version-history":[{"count":9,"href":"https:\/\/chapat-energie.fr\/index.php\/wp-json\/wp\/v2\/pages\/79\/revisions"}],"predecessor-version":[{"id":422,"href":"https:\/\/chapat-energie.fr\/index.php\/wp-json\/wp\/v2\/pages\/79\/revisions\/422"}],"wp:attachment":[{"href":"https:\/\/chapat-energie.fr\/index.php\/wp-json\/wp\/v2\/media?parent=79"}],"curies":[{"name":"wp","href":"https:\/\/api.w.org\/{rel}","templated":true}]}}