{"id":7,"date":"2017-03-25T10:52:42","date_gmt":"2017-03-25T09:52:42","guid":{"rendered":"http:\/\/chapat-energie.fr\/?page_id=7"},"modified":"2025-06-11T12:05:44","modified_gmt":"2025-06-11T10:05:44","slug":"accueil","status":"publish","type":"page","link":"https:\/\/chapat-energie.fr\/","title":{"rendered":"Accueil"},"content":{"rendered":"<p>L&rsquo;entreprise<strong>\u00a0CHAPAT Energie<\/strong> assure l&rsquo;installation, l&rsquo;entretien et le d\u00e9pannage de vos<strong>\u00a0installations\u00a0<\/strong>de\u00a0<strong>chauffage<\/strong>\u00a0et de <strong>refroidissement. <\/strong><\/p>\n<p><strong>Bas\u00e9 \u00e0\u00a0<\/strong> <strong>Villemandeur, <\/strong>nous intervenons<strong>\u00a0<\/strong>depuis 1992 sur l\u2019agglom\u00e9ration montargoise dans le Loiret.<\/p>\n<p>Nous intervenons sur les <strong>chaudi\u00e8res Gaz<\/strong>\u00a0et <strong>Fuel<\/strong> ainsi que sur les syst\u00e8mes de\u00a0<strong>chauffage \u00e0 \u00e9nergies renouvelables<\/strong> de type <strong>Pompe \u00e0 chaleur<\/strong><\/p>\n<p><strong>DE L\u2019\u00c9LECTRICIT\u00c9 G\u00c9N\u00c9RALE AUX \u00c9NERGIES RENOUVELABLES<\/strong><\/p>\n<p>Notre \u00e9quipe de techniciens poss\u00e8de des comp\u00e9tences et qualifications dans les domaines tels que l&rsquo;\u00e9lectricit\u00e9, la plomberie, le chauffage et la manipulation des fluides frigorifiques<\/p>\n<p><a href=\"http:\/\/chapat-energie.fr\/index.php\/plomberie\/\">Travaux de plomberie<\/a><\/p>\n<ul>\n<li style=\"list-style-type: none;\">\n<ul>\n<li style=\"text-align: left;\">Tous travaux de plomberie<img loading=\"lazy\" decoding=\"async\" class=\"wp-image-409 size-thumbnail alignright\" src=\"https:\/\/chapat-energie.fr\/wp-content\/uploads\/2025\/06\/robinet-eau-e1749633146503-150x131.webp\" alt=\"\" width=\"150\" height=\"131\" srcset=\"https:\/\/chapat-energie.fr\/wp-content\/uploads\/2025\/06\/robinet-eau-e1749633146503-150x131.webp 150w, https:\/\/chapat-energie.fr\/wp-content\/uploads\/2025\/06\/robinet-eau-e1749633146503-300x262.webp 300w, https:\/\/chapat-energie.fr\/wp-content\/uploads\/2025\/06\/robinet-eau-e1749633146503-768x671.webp 768w, https:\/\/chapat-energie.fr\/wp-content\/uploads\/2025\/06\/robinet-eau-e1749633146503.webp 1024w\" sizes=\"auto, (max-width: 150px) 100vw, 150px\" \/><\/li>\n<li style=\"text-align: left;\">Sanitaire<\/li>\n<\/ul>\n<\/li>\n<\/ul>\n<p>&nbsp;<\/p>\n<p>&nbsp;<\/p>\n<p>&nbsp;<\/p>\n<p><img loading=\"lazy\" decoding=\"async\" class=\"alignleft wp-image-412 \" src=\"https:\/\/chapat-energie.fr\/wp-content\/uploads\/2025\/06\/radiateur-e1749634134912.jpg\" alt=\"\" width=\"156\" height=\"232\" srcset=\"https:\/\/chapat-energie.fr\/wp-content\/uploads\/2025\/06\/radiateur-e1749634134912.jpg 618w, https:\/\/chapat-energie.fr\/wp-content\/uploads\/2025\/06\/radiateur-e1749634134912-100x150.jpg 100w\" sizes=\"auto, (max-width: 156px) 100vw, 156px\" \/><\/p>\n<p>&nbsp;<\/p>\n<p><a href=\"http:\/\/chapat-energie.fr\/index.php\/chauffage\/\">Travaux de chauffage<\/a><\/p>\n<ul>\n<li>Chaudi\u00e8res tr\u00e8s haute performance \u00e9nerg\u00e9tique<\/li>\n<li>Installation \/ remplacement de radiateurs<\/li>\n<\/ul>\n<p>&nbsp;<\/p>\n<p>&nbsp;<\/p>\n<p>&nbsp;<\/p>\n<p>&nbsp;<\/p>\n<p><img loading=\"lazy\" decoding=\"async\" class=\"wp-image-414 alignleft\" src=\"https:\/\/chapat-energie.fr\/wp-content\/uploads\/2025\/06\/pompe-a-chaleur-hybride-hybea-5-kw-30-kw-524943-754930-e1749634715460.webp\" alt=\"\" width=\"160\" height=\"123\" \/><img loading=\"lazy\" decoding=\"async\" class=\"alignleft wp-image-415 \" src=\"https:\/\/chapat-energie.fr\/wp-content\/uploads\/2025\/06\/AEN524918_PHOTOHD_1-e1749634690983.jpg\" alt=\"\" width=\"160\" height=\"118\" \/><\/p>\n<p><a href=\"http:\/\/chapat-energie.fr\/index.php\/energies-renouvelables\/\">Energies renouvelables<\/a><\/p>\n<ul>\n<li>Pompe \u00e0 chaleur Air \/ Eau<\/li>\n<li>Pompe \u00e0 chaleur Eau \/ Eau<\/li>\n<li>Pompe \u00e0 chaleur HYBRIDE<\/li>\n<li>Pompe \u00e0 chaleur Air \/ Air<\/li>\n<\/ul>\n<p>&nbsp;<\/p>\n<p><img loading=\"lazy\" decoding=\"async\" class=\"alignleft wp-image-131 size-medium\" src=\"http:\/\/chapat-energie.fr\/wp-content\/uploads\/2017\/03\/electr-300x78.jpg\" alt=\"\" width=\"300\" height=\"78\" srcset=\"https:\/\/chapat-energie.fr\/wp-content\/uploads\/2017\/03\/electr-300x78.jpg 300w, https:\/\/chapat-energie.fr\/wp-content\/uploads\/2017\/03\/electr-768x200.jpg 768w, https:\/\/chapat-energie.fr\/wp-content\/uploads\/2017\/03\/electr-1024x267.jpg 1024w, https:\/\/chapat-energie.fr\/wp-content\/uploads\/2017\/03\/electr.jpg 1920w\" sizes=\"auto, (max-width: 300px) 100vw, 300px\" \/><a href=\"http:\/\/chapat-energie.fr\/index.php\/electricite\/\">Travaux \u00e9lectriques<\/a><\/p>\n<ul>\n<li style=\"text-align: left;\">D\u00e9pannage d&rsquo;installations \u00e9lectriques<\/li>\n<li style=\"text-align: left;\">Installation d&rsquo;appareillages \u00e9lectriques<\/li>\n<\/ul>\n<p>&nbsp;<\/p>\n<p>Notre entreprise\u00a0<strong>Chapat Energie\u00a0<\/strong>poss\u00e8de le label <strong>Qualigaz<\/strong> ainsi que le certificat d\u2019identit\u00e9 professionnelle (CIP) qui vous garantit une qualit\u00e9 des prestations de nos techniciens avec la s\u00e9curit\u00e9 des op\u00e9rations sur votre chaudi\u00e8re au gaz. Nous sommes \u00e9galement <strong>RGE Qualipac, Chauffage + et VMC Ventilation +<\/strong><\/p>\n<p>Vous pouvez nous contacter au 02 38 87 85 19 pour une \u00e9tude personnalis\u00e9e de votre installation. <img loading=\"lazy\" decoding=\"async\" class=\"wp-image-305 aligncenter\" src=\"http:\/\/chapat-energie.fr\/wp-content\/uploads\/2017\/03\/s\u00e9paration-e1491852252223.jpg\" alt=\"\" width=\"648\" height=\"77\" \/><\/p>\n","protected":false},"excerpt":{"rendered":"<p>L&rsquo;entreprise\u00a0CHAPAT Energie assure l&rsquo;installation, l&rsquo;entretien et le d\u00e9pannage de vos\u00a0installations\u00a0de\u00a0chauffage\u00a0et de refroidissement. Bas\u00e9 \u00e0\u00a0 Villemandeur, nous intervenons\u00a0depuis 1992 sur l\u2019agglom\u00e9ration montargoise dans le Loiret. Nous intervenons sur les chaudi\u00e8res Gaz\u00a0et <a class=\"more-link\" href=\"https:\/\/chapat-energie.fr\/\">Lire la suite \u2192<\/a><\/p>\n","protected":false},"author":1,"featured_media":0,"parent":0,"menu_order":0,"comment_status":"closed","ping_status":"closed","template":"","meta":{"footnotes":""},"class_list":["post-7","page","type-page","status-publish","hentry"],"_links":{"self":[{"href":"https:\/\/chapat-energie.fr\/index.php\/wp-json\/wp\/v2\/pages\/7","targetHints":{"allow":["GET"]}}],"collection":[{"href":"https:\/\/chapat-energie.fr\/index.php\/wp-json\/wp\/v2\/pages"}],"about":[{"href":"https:\/\/chapat-energie.fr\/index.php\/wp-json\/wp\/v2\/types\/page"}],"author":[{"embeddable":true,"href":"https:\/\/chapat-energie.fr\/index.php\/wp-json\/wp\/v2\/users\/1"}],"replies":[{"embeddable":true,"href":"https:\/\/chapat-energie.fr\/index.php\/wp-json\/wp\/v2\/comments?post=7"}],"version-history":[{"count":29,"href":"https:\/\/chapat-energie.fr\/index.php\/wp-json\/wp\/v2\/pages\/7\/revisions"}],"predecessor-version":[{"id":421,"href":"https:\/\/chapat-energie.fr\/index.php\/wp-json\/wp\/v2\/pages\/7\/revisions\/421"}],"wp:attachment":[{"href":"https:\/\/chapat-energie.fr\/index.php\/wp-json\/wp\/v2\/media?parent=7"}],"curies":[{"name":"wp","href":"https:\/\/api.w.org\/{rel}","templated":true}]}}