{"id":66,"date":"2017-03-25T13:15:33","date_gmt":"2017-03-25T12:15:33","guid":{"rendered":"http:\/\/chapat-energie.fr\/?page_id=66"},"modified":"2017-10-24T17:46:26","modified_gmt":"2017-10-24T15:46:26","slug":"services","status":"publish","type":"page","link":"https:\/\/chapat-energie.fr\/index.php\/services\/","title":{"rendered":"Services"},"content":{"rendered":"<p>Cliquez sur le service d\u00e9sir\u00e9<\/p>\n<ol>\n<li><strong><a href=\"http:\/\/chapat-energie.fr\/index.php\/plomberie\/\">Plomberie<\/a><\/strong><\/li>\n<li><strong><a href=\"http:\/\/chapat-energie.fr\/index.php\/chauffage\/\">Chauffage<\/a><\/strong><\/li>\n<li><strong><a href=\"http:\/\/chapat-energie.fr\/index.php\/climatisation\/\">Climatisation<\/a><\/strong><\/li>\n<li><strong><a href=\"http:\/\/chapat-energie.fr\/index.php\/electricite\/\">Electricit\u00e9<\/a><\/strong><\/li>\n<li><strong><a href=\"http:\/\/chapat-energie.fr\/index.php\/energies-renouvelables\/\">Energies renouvelables<\/a><\/strong><\/li>\n<\/ol>\n<p><img loading=\"lazy\" decoding=\"async\" class=\"aligncenter wp-image-382 size-full\" src=\"http:\/\/chapat-energie.fr\/wp-content\/uploads\/2017\/03\/Composition1-Copie.jpg\" alt=\"\" width=\"989\" height=\"528\" \/><\/p>\n<p>&nbsp;<\/p>\n<p>&nbsp;<\/p>\n<p>&nbsp;<\/p>\n<p>&nbsp;<\/p>\n<p>&nbsp;<\/p>\n<p>&nbsp;<\/p>\n","protected":false},"excerpt":{"rendered":"<p>Cliquez sur le service d\u00e9sir\u00e9 Plomberie Chauffage Climatisation Electricit\u00e9 Energies renouvelables &nbsp; &nbsp; &nbsp; &nbsp; &nbsp; &nbsp;<\/p>\n","protected":false},"author":1,"featured_media":0,"parent":0,"menu_order":0,"comment_status":"closed","ping_status":"closed","template":"","meta":{"footnotes":""},"class_list":["post-66","page","type-page","status-publish","hentry"],"_links":{"self":[{"href":"https:\/\/chapat-energie.fr\/index.php\/wp-json\/wp\/v2\/pages\/66","targetHints":{"allow":["GET"]}}],"collection":[{"href":"https:\/\/chapat-energie.fr\/index.php\/wp-json\/wp\/v2\/pages"}],"about":[{"href":"https:\/\/chapat-energie.fr\/index.php\/wp-json\/wp\/v2\/types\/page"}],"author":[{"embeddable":true,"href":"https:\/\/chapat-energie.fr\/index.php\/wp-json\/wp\/v2\/users\/1"}],"replies":[{"embeddable":true,"href":"https:\/\/chapat-energie.fr\/index.php\/wp-json\/wp\/v2\/comments?post=66"}],"version-history":[{"count":6,"href":"https:\/\/chapat-energie.fr\/index.php\/wp-json\/wp\/v2\/pages\/66\/revisions"}],"predecessor-version":[{"id":388,"href":"https:\/\/chapat-energie.fr\/index.php\/wp-json\/wp\/v2\/pages\/66\/revisions\/388"}],"wp:attachment":[{"href":"https:\/\/chapat-energie.fr\/index.php\/wp-json\/wp\/v2\/media?parent=66"}],"curies":[{"name":"wp","href":"https:\/\/api.w.org\/{rel}","templated":true}]}}