{"id":36,"date":"2017-03-25T12:40:27","date_gmt":"2017-03-25T11:40:27","guid":{"rendered":"http:\/\/chapat-energie.fr\/?page_id=36"},"modified":"2017-11-18T17:00:13","modified_gmt":"2017-11-18T16:00:13","slug":"electricite","status":"publish","type":"page","link":"https:\/\/chapat-energie.fr\/index.php\/electricite\/","title":{"rendered":"Electricit\u00e9"},"content":{"rendered":"<h1>Travaux \u00e9lectriques<\/h1>\n<p>Pour installer une chaudi\u00e8re \u00e9lectrique ou bien une climatisation, il faut n\u00e9cessairement une qualification \u00e9lectrique, c&rsquo;est pourquoi notre \u00e9quipe \u00a0poss\u00e8de un \u00e9lectricien .<\/p>\n<p>Cette\u00a0comp\u00e9tences professionnelles nous permet de couvrir <strong>toutes les op\u00e9rations <\/strong><strong>en \u00e9lectricit\u00e9 g\u00e9n\u00e9rale<\/strong>. Nous planifions et r\u00e9alisons la <strong>totalit\u00e9 de votre installation \u00e9lectrique<\/strong><\/p>\n<p>&nbsp;<\/p>\n<p><img loading=\"lazy\" decoding=\"async\" class=\"alignleft wp-image-365 size-medium\" src=\"http:\/\/chapat-energie.fr\/wp-content\/uploads\/2017\/03\/DSC07478-300x225.jpg\" alt=\"\" width=\"300\" height=\"225\" srcset=\"https:\/\/chapat-energie.fr\/wp-content\/uploads\/2017\/03\/DSC07478-300x225.jpg 300w, https:\/\/chapat-energie.fr\/wp-content\/uploads\/2017\/03\/DSC07478-150x113.jpg 150w, https:\/\/chapat-energie.fr\/wp-content\/uploads\/2017\/03\/DSC07478-768x576.jpg 768w, https:\/\/chapat-energie.fr\/wp-content\/uploads\/2017\/03\/DSC07478-1024x768.jpg 1024w, https:\/\/chapat-energie.fr\/wp-content\/uploads\/2017\/03\/DSC07478-350x263.jpg 350w\" sizes=\"auto, (max-width: 300px) 100vw, 300px\" \/><\/p>\n<p><img loading=\"lazy\" decoding=\"async\" class=\"wp-image-364 size-medium alignnone\" src=\"http:\/\/chapat-energie.fr\/wp-content\/uploads\/2017\/03\/DSC07476-300x225.jpg\" alt=\"\" width=\"300\" height=\"225\" srcset=\"https:\/\/chapat-energie.fr\/wp-content\/uploads\/2017\/03\/DSC07476-300x225.jpg 300w, https:\/\/chapat-energie.fr\/wp-content\/uploads\/2017\/03\/DSC07476-150x113.jpg 150w, https:\/\/chapat-energie.fr\/wp-content\/uploads\/2017\/03\/DSC07476-768x576.jpg 768w, https:\/\/chapat-energie.fr\/wp-content\/uploads\/2017\/03\/DSC07476-1024x768.jpg 1024w, https:\/\/chapat-energie.fr\/wp-content\/uploads\/2017\/03\/DSC07476-350x263.jpg 350w\" sizes=\"auto, (max-width: 300px) 100vw, 300px\" \/><\/p>\n<p>&nbsp;<\/p>\n<h3>\u00c9lectricien avec 25 ans d\u2019exp\u00e9rience<strong>\u00a0 \u00a0<img loading=\"lazy\" decoding=\"async\" class=\"wp-image-366 size-medium alignleft\" src=\"http:\/\/chapat-energie.fr\/wp-content\/uploads\/2017\/03\/IMG_3410-e1496787361398-225x300.jpg\" alt=\"\" width=\"225\" height=\"300\" srcset=\"https:\/\/chapat-energie.fr\/wp-content\/uploads\/2017\/03\/IMG_3410-e1496787361398-225x300.jpg 225w, https:\/\/chapat-energie.fr\/wp-content\/uploads\/2017\/03\/IMG_3410-e1496787361398-113x150.jpg 113w, https:\/\/chapat-energie.fr\/wp-content\/uploads\/2017\/03\/IMG_3410-e1496787361398-768x1024.jpg 768w\" sizes=\"auto, (max-width: 225px) 100vw, 225px\" \/><\/strong><\/h3>\n<p><strong>Votre Artisan \u00e9lectricien\u00a0a plus de 25 ans d\u2019exp\u00e9rience dans le domaine de l\u2019\u00e9lectricit\u00e9 g\u00e9n\u00e9rale et de la mise en conformit\u00e9. <\/strong><\/p>\n<p>Nous sommes pouvons traiter les probl\u00e8mes en lien avec votre\u00a0installation ou avec vos besoins.<\/p>\n<p>Nous proposons des contrats aussi bien pour les entreprises que pour les particuliers.<\/p>\n<p>Vous retrouverez sur les autres pages les autres services et comp\u00e9tences telles que la plomberie, la climatisation\u2026<\/p>\n","protected":false},"excerpt":{"rendered":"<p>Travaux \u00e9lectriques Pour installer une chaudi\u00e8re \u00e9lectrique ou bien une climatisation, il faut n\u00e9cessairement une qualification \u00e9lectrique, c&rsquo;est pourquoi notre \u00e9quipe \u00a0poss\u00e8de un \u00e9lectricien . Cette\u00a0comp\u00e9tences professionnelles nous permet de <a class=\"more-link\" href=\"https:\/\/chapat-energie.fr\/index.php\/electricite\/\">Lire la suite \u2192<\/a><\/p>\n","protected":false},"author":1,"featured_media":0,"parent":0,"menu_order":0,"comment_status":"closed","ping_status":"closed","template":"","meta":{"footnotes":""},"class_list":["post-36","page","type-page","status-publish","hentry"],"_links":{"self":[{"href":"https:\/\/chapat-energie.fr\/index.php\/wp-json\/wp\/v2\/pages\/36","targetHints":{"allow":["GET"]}}],"collection":[{"href":"https:\/\/chapat-energie.fr\/index.php\/wp-json\/wp\/v2\/pages"}],"about":[{"href":"https:\/\/chapat-energie.fr\/index.php\/wp-json\/wp\/v2\/types\/page"}],"author":[{"embeddable":true,"href":"https:\/\/chapat-energie.fr\/index.php\/wp-json\/wp\/v2\/users\/1"}],"replies":[{"embeddable":true,"href":"https:\/\/chapat-energie.fr\/index.php\/wp-json\/wp\/v2\/comments?post=36"}],"version-history":[{"count":10,"href":"https:\/\/chapat-energie.fr\/index.php\/wp-json\/wp\/v2\/pages\/36\/revisions"}],"predecessor-version":[{"id":395,"href":"https:\/\/chapat-energie.fr\/index.php\/wp-json\/wp\/v2\/pages\/36\/revisions\/395"}],"wp:attachment":[{"href":"https:\/\/chapat-energie.fr\/index.php\/wp-json\/wp\/v2\/media?parent=36"}],"curies":[{"name":"wp","href":"https:\/\/api.w.org\/{rel}","templated":true}]}}