{"id":34,"date":"2017-03-25T12:40:08","date_gmt":"2017-03-25T11:40:08","guid":{"rendered":"http:\/\/chapat-energie.fr\/?page_id=34"},"modified":"2017-11-18T16:59:13","modified_gmt":"2017-11-18T15:59:13","slug":"climatisation","status":"publish","type":"page","link":"https:\/\/chapat-energie.fr\/index.php\/climatisation\/","title":{"rendered":"Climatisation"},"content":{"rendered":"<h3>Ou ?<\/h3>\n<p>Dans les bureaux, les chambres, les locaux techniques ou bien les salles serveur.<\/p>\n<h4 class=\"commons-title3\">Nos clients<a href=\"http:\/\/chapat-energie.fr\/wp-content\/uploads\/2017\/03\/image2.jpeg\"><img loading=\"lazy\" decoding=\"async\" class=\"alignright wp-image-320 size-medium\" src=\"http:\/\/chapat-energie.fr\/wp-content\/uploads\/2017\/03\/image2-300x225.jpeg\" alt=\"\" width=\"300\" height=\"225\" srcset=\"https:\/\/chapat-energie.fr\/wp-content\/uploads\/2017\/03\/image2-300x225.jpeg 300w, https:\/\/chapat-energie.fr\/wp-content\/uploads\/2017\/03\/image2-150x113.jpeg 150w, https:\/\/chapat-energie.fr\/wp-content\/uploads\/2017\/03\/image2-768x576.jpeg 768w, https:\/\/chapat-energie.fr\/wp-content\/uploads\/2017\/03\/image2-1024x768.jpeg 1024w, https:\/\/chapat-energie.fr\/wp-content\/uploads\/2017\/03\/image2-350x263.jpeg 350w\" sizes=\"auto, (max-width: 300px) 100vw, 300px\" \/><\/a><\/h4>\n<ul>\n<li>Particuliers<\/li>\n<li>Professionnels<\/li>\n<\/ul>\n<h4 class=\"commons-title3\">Nos prestations<a href=\"http:\/\/chapat-energie.fr\/wp-content\/uploads\/2017\/03\/Composition1.jpg\"><img loading=\"lazy\" decoding=\"async\" class=\"alignright wp-image-319 size-medium\" src=\"http:\/\/chapat-energie.fr\/wp-content\/uploads\/2017\/03\/Composition1-300x212.jpg\" alt=\"\" width=\"300\" height=\"212\" srcset=\"https:\/\/chapat-energie.fr\/wp-content\/uploads\/2017\/03\/Composition1-300x212.jpg 300w, https:\/\/chapat-energie.fr\/wp-content\/uploads\/2017\/03\/Composition1-150x106.jpg 150w, https:\/\/chapat-energie.fr\/wp-content\/uploads\/2017\/03\/Composition1-768x543.jpg 768w, https:\/\/chapat-energie.fr\/wp-content\/uploads\/2017\/03\/Composition1-1024x724.jpg 1024w, https:\/\/chapat-energie.fr\/wp-content\/uploads\/2017\/03\/Composition1.jpg 1754w\" sizes=\"auto, (max-width: 300px) 100vw, 300px\" \/><\/a><\/h4>\n<ul>\n<li>Installation<\/li>\n<li>Entretien<\/li>\n<li>D\u00e9pannage<\/li>\n<li>Remise aux normes<\/li>\n<\/ul>\n<h4 class=\"commons-title3\">La climatisation<a href=\"http:\/\/chapat-energie.fr\/wp-content\/uploads\/2017\/03\/CA.jpg\"><img loading=\"lazy\" decoding=\"async\" class=\"alignright wp-image-321 size-medium\" src=\"http:\/\/chapat-energie.fr\/wp-content\/uploads\/2017\/03\/CA-300x212.jpg\" alt=\"\" width=\"300\" height=\"212\" srcset=\"https:\/\/chapat-energie.fr\/wp-content\/uploads\/2017\/03\/CA-300x212.jpg 300w, https:\/\/chapat-energie.fr\/wp-content\/uploads\/2017\/03\/CA-150x106.jpg 150w, https:\/\/chapat-energie.fr\/wp-content\/uploads\/2017\/03\/CA-768x543.jpg 768w, https:\/\/chapat-energie.fr\/wp-content\/uploads\/2017\/03\/CA-1024x724.jpg 1024w, https:\/\/chapat-energie.fr\/wp-content\/uploads\/2017\/03\/CA.jpg 1754w\" sizes=\"auto, (max-width: 300px) 100vw, 300px\" \/><\/a><\/h4>\n<ul>\n<li>Cassette<\/li>\n<li>Console<\/li>\n<li>Gainable<\/li>\n<li>Murale<\/li>\n<li>R\u00e9versible<\/li>\n<li>Groupe eau gla\u00e7\u00e9e<\/li>\n<\/ul>\n<h3>25 ans d\u2019exp\u00e9rience<strong>\u00a0\u00a0<\/strong><\/h3>\n<p><strong>Votre Artisan poss\u00e8de\u00a0plus de 25 ans d\u2019exp\u00e9rience dans la climatisation et de la mise en conformit\u00e9.<\/strong><\/p>\n<p>Nous sommes pouvons traiter les probl\u00e8mes en lien avec votre\u00a0installation ou avec vos besoins.<\/p>\n<p>Nous proposons des contrats aussi bien pour les entreprises que pour les particuliers.<\/p>\n<p>Vous retrouverez sur les autres pages les autres services et comp\u00e9tences telles que la plomberie, l&rsquo;\u00e9lectricit\u00e9\u2026<\/p>\n","protected":false},"excerpt":{"rendered":"<p>Ou ? Dans les bureaux, les chambres, les locaux techniques ou bien les salles serveur. Nos clients Particuliers Professionnels Nos prestations Installation Entretien D\u00e9pannage Remise aux normes La climatisation Cassette <a class=\"more-link\" href=\"https:\/\/chapat-energie.fr\/index.php\/climatisation\/\">Lire la suite \u2192<\/a><\/p>\n","protected":false},"author":1,"featured_media":0,"parent":0,"menu_order":0,"comment_status":"closed","ping_status":"closed","template":"","meta":{"footnotes":""},"class_list":["post-34","page","type-page","status-publish","hentry"],"_links":{"self":[{"href":"https:\/\/chapat-energie.fr\/index.php\/wp-json\/wp\/v2\/pages\/34","targetHints":{"allow":["GET"]}}],"collection":[{"href":"https:\/\/chapat-energie.fr\/index.php\/wp-json\/wp\/v2\/pages"}],"about":[{"href":"https:\/\/chapat-energie.fr\/index.php\/wp-json\/wp\/v2\/types\/page"}],"author":[{"embeddable":true,"href":"https:\/\/chapat-energie.fr\/index.php\/wp-json\/wp\/v2\/users\/1"}],"replies":[{"embeddable":true,"href":"https:\/\/chapat-energie.fr\/index.php\/wp-json\/wp\/v2\/comments?post=34"}],"version-history":[{"count":8,"href":"https:\/\/chapat-energie.fr\/index.php\/wp-json\/wp\/v2\/pages\/34\/revisions"}],"predecessor-version":[{"id":393,"href":"https:\/\/chapat-energie.fr\/index.php\/wp-json\/wp\/v2\/pages\/34\/revisions\/393"}],"wp:attachment":[{"href":"https:\/\/chapat-energie.fr\/index.php\/wp-json\/wp\/v2\/media?parent=34"}],"curies":[{"name":"wp","href":"https:\/\/api.w.org\/{rel}","templated":true}]}}