{"id":32,"date":"2017-03-25T12:39:41","date_gmt":"2017-03-25T11:39:41","guid":{"rendered":"http:\/\/chapat-energie.fr\/?page_id=32"},"modified":"2017-06-06T23:27:54","modified_gmt":"2017-06-06T21:27:54","slug":"plomberie","status":"publish","type":"page","link":"https:\/\/chapat-energie.fr\/index.php\/plomberie\/","title":{"rendered":"Plomberie"},"content":{"rendered":"<h1>Plombier dans le G\u00e2tinais\u00a0?<img loading=\"lazy\" decoding=\"async\" class=\"alignleft wp-image-334 size-medium\" src=\"http:\/\/chapat-energie.fr\/wp-content\/uploads\/2017\/03\/IMG_2059-225x300.jpg\" alt=\"\" width=\"225\" height=\"300\" srcset=\"https:\/\/chapat-energie.fr\/wp-content\/uploads\/2017\/03\/IMG_2059-225x300.jpg 225w, https:\/\/chapat-energie.fr\/wp-content\/uploads\/2017\/03\/IMG_2059-113x150.jpg 113w, https:\/\/chapat-energie.fr\/wp-content\/uploads\/2017\/03\/IMG_2059-768x1024.jpg 768w\" sizes=\"auto, (max-width: 225px) 100vw, 225px\" \/><\/h1>\n<p>L\u2019entreprise CHAPAT ENERGIE r\u00e9pond \u00e0 tous vos soucis de plomberie. Notre \u00e9quipe intervient sur \u00a0vos installations, \u00e9quipements\u00a0sanitaires, \u00e9vier, baignoire, lavabo \u2026<\/p>\n<p>Votre plombier se d\u00e9place, pour toute demande jusqu\u2019\u00e0 120 km autour du G\u00e2tinais. N\u2019h\u00e9sitez-pas \u00e0 nous appeler.\u00a0Tous les devis sont gratuits.<\/p>\n<p>Nos partenaires sont les syndics, agences immobili\u00e8res, assurances et usines.<\/p>\n<p>Nos clients sont les particuliers et les professionnels.<\/p>\n<p>&nbsp;<\/p>\n<h2><img loading=\"lazy\" decoding=\"async\" class=\"alignleft wp-image-335 size-medium\" src=\"http:\/\/chapat-energie.fr\/wp-content\/uploads\/2017\/03\/019-225x300.jpg\" alt=\"\" width=\"225\" height=\"300\" srcset=\"https:\/\/chapat-energie.fr\/wp-content\/uploads\/2017\/03\/019-225x300.jpg 225w, https:\/\/chapat-energie.fr\/wp-content\/uploads\/2017\/03\/019-113x150.jpg 113w, https:\/\/chapat-energie.fr\/wp-content\/uploads\/2017\/03\/019-768x1024.jpg 768w\" sizes=\"auto, (max-width: 225px) 100vw, 225px\" \/>Liste d\u2019op\u00e9rations non exhaustive:<\/h2>\n<p>Recherche de fuite, d\u00e9bouchage, d\u00e9gorgement, d\u00e9tartrage, d\u00e9pannage, entretien, \u00a0remplacement, inondation \/ d\u00e9g\u00e2t des eaux<\/p>\n<p>Sur canalisations\u00a0d\u2019eau ou de gaz,\u00a0probl\u00e8mes sanitaires\u00a0(WC, robinet, douche, bain, groupe de s\u00e9curit\u00e9, lavabo, chasse d\u2019eau, \u00e9vier, chauffe-eau, ballon d\u2019eau, radiateur, cumulus, chauffage, machine \u00e0 laver,\u00a0d\u2019arriv\u00e9e d\u2019eau\u00a0et \u00e9vacuation etc\u2026).<\/p>\n<p>&nbsp;<\/p>\n<p>Nos interventions s\u2019effectuent toujours\u00a0 dans le respect des normes en vigueur avec le mat\u00e9riel ad\u00e9quat :<\/p>\n<h2>Votre Artisan Plombier poss\u00e8de plus de 20 ans d\u2019exp\u00e9rience dans la plomberie.<img loading=\"lazy\" decoding=\"async\" class=\"wp-image-336 size-medium alignright\" src=\"http:\/\/chapat-energie.fr\/wp-content\/uploads\/2017\/03\/IMG_00000084-300x169.jpg\" alt=\"\" width=\"300\" height=\"169\" srcset=\"https:\/\/chapat-energie.fr\/wp-content\/uploads\/2017\/03\/IMG_00000084-300x169.jpg 300w, https:\/\/chapat-energie.fr\/wp-content\/uploads\/2017\/03\/IMG_00000084-150x84.jpg 150w, https:\/\/chapat-energie.fr\/wp-content\/uploads\/2017\/03\/IMG_00000084-768x432.jpg 768w, https:\/\/chapat-energie.fr\/wp-content\/uploads\/2017\/03\/IMG_00000084-1024x576.jpg 1024w\" sizes=\"auto, (max-width: 300px) 100vw, 300px\" \/><\/h2>\n<p>Vous retrouverez sur les autres pages les autres services et comp\u00e9tences telles que l\u2019\u00e9lectricit\u00e9, la climatisation\u2026<\/p>\n<p>&nbsp;<\/p>\n","protected":false},"excerpt":{"rendered":"<p>Plombier dans le G\u00e2tinais\u00a0? L\u2019entreprise CHAPAT ENERGIE r\u00e9pond \u00e0 tous vos soucis de plomberie. Notre \u00e9quipe intervient sur \u00a0vos installations, \u00e9quipements\u00a0sanitaires, \u00e9vier, baignoire, lavabo \u2026 Votre plombier se d\u00e9place, pour <a class=\"more-link\" href=\"https:\/\/chapat-energie.fr\/index.php\/plomberie\/\">Lire la suite \u2192<\/a><\/p>\n","protected":false},"author":1,"featured_media":0,"parent":0,"menu_order":0,"comment_status":"closed","ping_status":"closed","template":"","meta":{"footnotes":""},"class_list":["post-32","page","type-page","status-publish","hentry"],"_links":{"self":[{"href":"https:\/\/chapat-energie.fr\/index.php\/wp-json\/wp\/v2\/pages\/32","targetHints":{"allow":["GET"]}}],"collection":[{"href":"https:\/\/chapat-energie.fr\/index.php\/wp-json\/wp\/v2\/pages"}],"about":[{"href":"https:\/\/chapat-energie.fr\/index.php\/wp-json\/wp\/v2\/types\/page"}],"author":[{"embeddable":true,"href":"https:\/\/chapat-energie.fr\/index.php\/wp-json\/wp\/v2\/users\/1"}],"replies":[{"embeddable":true,"href":"https:\/\/chapat-energie.fr\/index.php\/wp-json\/wp\/v2\/comments?post=32"}],"version-history":[{"count":8,"href":"https:\/\/chapat-energie.fr\/index.php\/wp-json\/wp\/v2\/pages\/32\/revisions"}],"predecessor-version":[{"id":337,"href":"https:\/\/chapat-energie.fr\/index.php\/wp-json\/wp\/v2\/pages\/32\/revisions\/337"}],"wp:attachment":[{"href":"https:\/\/chapat-energie.fr\/index.php\/wp-json\/wp\/v2\/media?parent=32"}],"curies":[{"name":"wp","href":"https:\/\/api.w.org\/{rel}","templated":true}]}}