{"id":30,"date":"2017-03-25T11:57:44","date_gmt":"2017-03-25T10:57:44","guid":{"rendered":"http:\/\/chapat-energie.fr\/?page_id=30"},"modified":"2017-11-18T17:02:04","modified_gmt":"2017-11-18T16:02:04","slug":"energies-renouvelables","status":"publish","type":"page","link":"https:\/\/chapat-energie.fr\/index.php\/energies-renouvelables\/","title":{"rendered":"Energies renouvelables"},"content":{"rendered":"<p>Vente et installation de syst\u00e8mes \u00e0 \u00e9nergies renouvelables<\/p>\n<p>L&rsquo;\u00e9nergie la moins ch\u00e8re est celle que l&rsquo;on ne consomme pas et c&rsquo;est pourquoi\u00a0<strong>Chapat Energies\u00a0<\/strong>installe des syst\u00e8mes de chauffage et de climatisation bas\u00e9s sur les\u00a0<strong>\u00e9nergies renouvelables.<\/strong><\/p>\n<p>INSTALLATION ET VENTE DE POMPES \u00c0 CHALEUR<\/p>\n<p>Le fonctionnement des pompes \u00e0 chaleur est relativement simple dans la mesure o\u00f9 celles-ci r\u00e9cup\u00e8rent les calories dans l&rsquo;environnement pour vous les restituer presque gratuitement.<\/p>\n<p>Il existe sur le march\u00e9 plusieurs types de\u00a0<strong>pompes \u00e0 chaleur (PAC).<\/strong><\/p>\n<ul>\n<li><strong>PAC Air \/ Air<\/strong><\/li>\n<li><strong>PAC Air \/ Eau<\/strong><\/li>\n<li><strong>PAC Eau \/ Eau<\/strong><\/li>\n<\/ul>\n<p>La performance \u00e9nerg\u00e9tique des pompes \u00e0 chaleur est d\u00e9termin\u00e9e par un coefficient de performance COP dont le rendement est proportionnel \u00e0 celui-ci. Par exemple, avec un COP de 3, une\u00a0<strong>PAC<\/strong>\u00a0qui consomme 1 kWh d&rsquo;\u00e9lectricit\u00e9 produit 3 kWh de chauffage.<\/p>\n<p>La soci\u00e9t\u00e9\u00a0<strong>Chapat Energie<\/strong>\u00a0commercialise et installe des\u00a0<strong>PAC<\/strong>\u00a0avec un COP qui vous permet de faire de v\u00e9ritables \u00e9conomies d&rsquo;\u00e9nergie.<\/p>\n<p><img loading=\"lazy\" decoding=\"async\" class=\"wp-image-371 size-medium alignright\" src=\"http:\/\/chapat-energie.fr\/wp-content\/uploads\/2017\/03\/IMG_3522-225x300.jpg\" alt=\"\" width=\"225\" height=\"300\" srcset=\"https:\/\/chapat-energie.fr\/wp-content\/uploads\/2017\/03\/IMG_3522-225x300.jpg 225w, https:\/\/chapat-energie.fr\/wp-content\/uploads\/2017\/03\/IMG_3522-113x150.jpg 113w, https:\/\/chapat-energie.fr\/wp-content\/uploads\/2017\/03\/IMG_3522-768x1024.jpg 768w\" sizes=\"auto, (max-width: 225px) 100vw, 225px\" \/><img loading=\"lazy\" decoding=\"async\" class=\"alignleft wp-image-370 size-medium\" src=\"http:\/\/chapat-energie.fr\/wp-content\/uploads\/2017\/03\/IMG_0162-300x225.jpg\" alt=\"\" width=\"300\" height=\"225\" srcset=\"https:\/\/chapat-energie.fr\/wp-content\/uploads\/2017\/03\/IMG_0162-300x225.jpg 300w, https:\/\/chapat-energie.fr\/wp-content\/uploads\/2017\/03\/IMG_0162-150x113.jpg 150w, https:\/\/chapat-energie.fr\/wp-content\/uploads\/2017\/03\/IMG_0162-768x576.jpg 768w, https:\/\/chapat-energie.fr\/wp-content\/uploads\/2017\/03\/IMG_0162-1024x768.jpg 1024w, https:\/\/chapat-energie.fr\/wp-content\/uploads\/2017\/03\/IMG_0162-350x263.jpg 350w\" sizes=\"auto, (max-width: 300px) 100vw, 300px\" \/><\/p>\n<p>&nbsp;<\/p>\n<p>&nbsp;<\/p>\n<p>&nbsp;<\/p>\n<p>&nbsp;<\/p>\n<p>&nbsp;<\/p>\n<p>&nbsp;<\/p>\n<p>Vous pouvez faire confiance \u00e0\u00a0<strong>Chapat Energie\u00a0<\/strong>et son \u00e9quipe de techniciens sp\u00e9cialement form\u00e9s sur les fluides gazeux utilis\u00e9s dans les pompes \u00e0 chaleur.<\/p>\n<h5>LA CLIMATISATION R\u00c9VERSIBLE<\/h5>\n<p><strong>Chapat Energie,<\/strong>\u00a0certifi\u00e9\u00a0<strong>QUALI ClimaFroid<\/strong>, installe et commercialise sur la r\u00e9gion de Montargis des syst\u00e8mes de climatisation r\u00e9versibles.<\/p>\n<p>Nous travaillons principalement avec des grandes marques de constructeur de climatisation comme :<\/p>\n<ul>\n<li>Atlantic<\/li>\n<li>Mitsubishi<\/li>\n<li>Panasonic<\/li>\n<\/ul>\n<p>Bas\u00e9 sur le m\u00eame principe que la\u00a0<strong>pompe \u00e0 chaleur,<\/strong>\u00a0la climatisation r\u00e9versible rafraichit votre logement en p\u00e9riode estivale et procure une v\u00e9ritable sensation de confort.<\/p>\n<p>Contactez notre service commercial\u00a0pour une \u00e9tude technique de vos besoins en\u00a0<strong>chauffage<\/strong>\u00a0ou en\u00a0<strong>climatisation<\/strong>.<\/p>\n<p>Tous nos devis sont gratuits et des facilit\u00e9s de paiement sont possibles.<\/p>\n<h5>CHAUFFAGE PAR LE SOL<\/h5>\n<p><img loading=\"lazy\" decoding=\"async\" class=\"alignleft wp-image-369 size-medium\" src=\"http:\/\/chapat-energie.fr\/wp-content\/uploads\/2017\/03\/IMG_2604-1-300x225.jpg\" alt=\"\" width=\"300\" height=\"225\" srcset=\"https:\/\/chapat-energie.fr\/wp-content\/uploads\/2017\/03\/IMG_2604-1-300x225.jpg 300w, https:\/\/chapat-energie.fr\/wp-content\/uploads\/2017\/03\/IMG_2604-1-150x113.jpg 150w, https:\/\/chapat-energie.fr\/wp-content\/uploads\/2017\/03\/IMG_2604-1-768x576.jpg 768w, https:\/\/chapat-energie.fr\/wp-content\/uploads\/2017\/03\/IMG_2604-1-1024x768.jpg 1024w, https:\/\/chapat-energie.fr\/wp-content\/uploads\/2017\/03\/IMG_2604-1-350x263.jpg 350w\" sizes=\"auto, (max-width: 300px) 100vw, 300px\" \/> <img loading=\"lazy\" decoding=\"async\" class=\"wp-image-368 size-medium alignright\" src=\"http:\/\/chapat-energie.fr\/wp-content\/uploads\/2017\/03\/IMG_2603-1-225x300.jpg\" alt=\"\" width=\"225\" height=\"300\" srcset=\"https:\/\/chapat-energie.fr\/wp-content\/uploads\/2017\/03\/IMG_2603-1-225x300.jpg 225w, https:\/\/chapat-energie.fr\/wp-content\/uploads\/2017\/03\/IMG_2603-1-113x150.jpg 113w, https:\/\/chapat-energie.fr\/wp-content\/uploads\/2017\/03\/IMG_2603-1-768x1024.jpg 768w\" sizes=\"auto, (max-width: 225px) 100vw, 225px\" \/> <img loading=\"lazy\" decoding=\"async\" class=\"alignleft wp-image-367 size-medium\" src=\"http:\/\/chapat-energie.fr\/wp-content\/uploads\/2017\/03\/IMG_2598-1-300x225.jpg\" alt=\"\" width=\"300\" height=\"225\" srcset=\"https:\/\/chapat-energie.fr\/wp-content\/uploads\/2017\/03\/IMG_2598-1-300x225.jpg 300w, https:\/\/chapat-energie.fr\/wp-content\/uploads\/2017\/03\/IMG_2598-1-150x113.jpg 150w, https:\/\/chapat-energie.fr\/wp-content\/uploads\/2017\/03\/IMG_2598-1-768x576.jpg 768w, https:\/\/chapat-energie.fr\/wp-content\/uploads\/2017\/03\/IMG_2598-1-1024x768.jpg 1024w, https:\/\/chapat-energie.fr\/wp-content\/uploads\/2017\/03\/IMG_2598-1-350x263.jpg 350w\" sizes=\"auto, (max-width: 300px) 100vw, 300px\" \/><\/p>\n","protected":false},"excerpt":{"rendered":"<p>Vente et installation de syst\u00e8mes \u00e0 \u00e9nergies renouvelables L&rsquo;\u00e9nergie la moins ch\u00e8re est celle que l&rsquo;on ne consomme pas et c&rsquo;est pourquoi\u00a0Chapat Energies\u00a0installe des syst\u00e8mes de chauffage et de climatisation <a class=\"more-link\" href=\"https:\/\/chapat-energie.fr\/index.php\/energies-renouvelables\/\">Lire la suite \u2192<\/a><\/p>\n","protected":false},"author":1,"featured_media":0,"parent":0,"menu_order":0,"comment_status":"closed","ping_status":"closed","template":"","meta":{"footnotes":""},"class_list":["post-30","page","type-page","status-publish","hentry"],"_links":{"self":[{"href":"https:\/\/chapat-energie.fr\/index.php\/wp-json\/wp\/v2\/pages\/30","targetHints":{"allow":["GET"]}}],"collection":[{"href":"https:\/\/chapat-energie.fr\/index.php\/wp-json\/wp\/v2\/pages"}],"about":[{"href":"https:\/\/chapat-energie.fr\/index.php\/wp-json\/wp\/v2\/types\/page"}],"author":[{"embeddable":true,"href":"https:\/\/chapat-energie.fr\/index.php\/wp-json\/wp\/v2\/users\/1"}],"replies":[{"embeddable":true,"href":"https:\/\/chapat-energie.fr\/index.php\/wp-json\/wp\/v2\/comments?post=30"}],"version-history":[{"count":7,"href":"https:\/\/chapat-energie.fr\/index.php\/wp-json\/wp\/v2\/pages\/30\/revisions"}],"predecessor-version":[{"id":396,"href":"https:\/\/chapat-energie.fr\/index.php\/wp-json\/wp\/v2\/pages\/30\/revisions\/396"}],"wp:attachment":[{"href":"https:\/\/chapat-energie.fr\/index.php\/wp-json\/wp\/v2\/media?parent=30"}],"curies":[{"name":"wp","href":"https:\/\/api.w.org\/{rel}","templated":true}]}}