{"id":2,"date":"2017-03-25T09:39:56","date_gmt":"2017-03-25T08:39:56","guid":{"rendered":"http:\/\/chapat-energie.fr\/?page_id=2"},"modified":"2017-11-18T16:55:28","modified_gmt":"2017-11-18T15:55:28","slug":"chauffage","status":"publish","type":"page","link":"https:\/\/chapat-energie.fr\/index.php\/chauffage\/","title":{"rendered":"Chauffage"},"content":{"rendered":"<p><img loading=\"lazy\" decoding=\"async\" class=\"wp-image-340 size-medium alignleft\" src=\"http:\/\/chapat-energie.fr\/wp-content\/uploads\/2017\/03\/20170302_123708-225x300.jpg\" alt=\"\" width=\"225\" height=\"300\" srcset=\"https:\/\/chapat-energie.fr\/wp-content\/uploads\/2017\/03\/20170302_123708-225x300.jpg 225w, https:\/\/chapat-energie.fr\/wp-content\/uploads\/2017\/03\/20170302_123708-113x150.jpg 113w, https:\/\/chapat-energie.fr\/wp-content\/uploads\/2017\/03\/20170302_123708-768x1024.jpg 768w\" sizes=\"auto, (max-width: 225px) 100vw, 225px\" \/><img loading=\"lazy\" decoding=\"async\" class=\"wp-image-341 size-medium alignnone\" src=\"http:\/\/chapat-energie.fr\/wp-content\/uploads\/2017\/03\/20170302_123717-225x300.jpg\" alt=\"\" width=\"225\" height=\"300\" srcset=\"https:\/\/chapat-energie.fr\/wp-content\/uploads\/2017\/03\/20170302_123717-225x300.jpg 225w, https:\/\/chapat-energie.fr\/wp-content\/uploads\/2017\/03\/20170302_123717-113x150.jpg 113w, https:\/\/chapat-energie.fr\/wp-content\/uploads\/2017\/03\/20170302_123717-768x1024.jpg 768w\" sizes=\"auto, (max-width: 225px) 100vw, 225px\" \/><\/p>\n<p>Vente et installation de syst\u00e8mes de chauffage<\/p>\n<p>Chauffer sa maison est aujourd&rsquo;hui un poste de d\u00e9pense important qui demande une \u00e9tude pr\u00e9cise de votre installation.<\/p>\n<p>Avec\u00a0<strong>Chapat Energie<\/strong>, vous avez l&rsquo;assurance d&rsquo;un service de prestations haut de gamme pour l&rsquo;installation ou la maintenance de votre\u00a0<strong>chaudi\u00e8re.<\/strong><\/p>\n<p>&nbsp;<\/p>\n<h5>COMMERCIALISATION ET VENTE DE CHAUDI\u00c8RES GAZ OU FUEL<\/h5>\n<p>&nbsp;<\/p>\n<p>Notre service commercial vous conseille dans le choix du type de\u00a0<strong>chaudi\u00e8re<\/strong>\u00a0la mieux adapt\u00e9e \u00e0 votre habitation.<\/p>\n<p>Plusieurs \u00e9l\u00e9ments externes peuvent effectivement influencer le choix d&rsquo;une chaudi\u00e8re et d&rsquo;une \u00e9nergie par rapport a une autre.<\/p>\n<p>Par exemple, l&rsquo;isolation de votre habitat, l&rsquo;exposition et l&#8217;emplacement de votre maison, mais aussi la proximit\u00e9 des r\u00e9seaux \u00e9nerg\u00e9tiques disponibles.<\/p>\n<h5><\/h5>\n<p>&nbsp;<\/p>\n<h5>TYPES DE CHAUDI\u00c8RES ET SYST\u00c8MES DE CHAUFFAGE COMMERCIALIS\u00c9S<\/h5>\n<p><strong><img loading=\"lazy\" decoding=\"async\" class=\"alignleft wp-image-339 size-thumbnail\" src=\"http:\/\/chapat-energie.fr\/wp-content\/uploads\/2017\/03\/IMG_2175-113x150.jpg\" alt=\"\" width=\"113\" height=\"150\" srcset=\"https:\/\/chapat-energie.fr\/wp-content\/uploads\/2017\/03\/IMG_2175-113x150.jpg 113w, https:\/\/chapat-energie.fr\/wp-content\/uploads\/2017\/03\/IMG_2175-225x300.jpg 225w, https:\/\/chapat-energie.fr\/wp-content\/uploads\/2017\/03\/IMG_2175-768x1024.jpg 768w\" sizes=\"auto, (max-width: 113px) 100vw, 113px\" \/><\/strong><\/p>\n<p><img loading=\"lazy\" decoding=\"async\" class=\"wp-image-343 size-thumbnail alignleft\" src=\"http:\/\/chapat-energie.fr\/wp-content\/uploads\/2017\/03\/FullSizeRender8-150x150.jpg\" alt=\"\" width=\"150\" height=\"150\" srcset=\"https:\/\/chapat-energie.fr\/wp-content\/uploads\/2017\/03\/FullSizeRender8-150x150.jpg 150w, https:\/\/chapat-energie.fr\/wp-content\/uploads\/2017\/03\/FullSizeRender8-300x300.jpg 300w, https:\/\/chapat-energie.fr\/wp-content\/uploads\/2017\/03\/FullSizeRender8-768x768.jpg 768w, https:\/\/chapat-energie.fr\/wp-content\/uploads\/2017\/03\/FullSizeRender8-1024x1024.jpg 1024w\" sizes=\"auto, (max-width: 150px) 100vw, 150px\" \/><\/p>\n<p>&nbsp;<\/p>\n<p><img loading=\"lazy\" decoding=\"async\" class=\"alignleft wp-image-338 size-thumbnail\" src=\"http:\/\/chapat-energie.fr\/wp-content\/uploads\/2017\/03\/IMG_1671-113x150.jpg\" alt=\"\" width=\"113\" height=\"150\" srcset=\"https:\/\/chapat-energie.fr\/wp-content\/uploads\/2017\/03\/IMG_1671-113x150.jpg 113w, https:\/\/chapat-energie.fr\/wp-content\/uploads\/2017\/03\/IMG_1671-225x300.jpg 225w, https:\/\/chapat-energie.fr\/wp-content\/uploads\/2017\/03\/IMG_1671-768x1024.jpg 768w\" sizes=\"auto, (max-width: 113px) 100vw, 113px\" \/><\/p>\n<p>&nbsp;<\/p>\n<p>&nbsp;<\/p>\n<p>&nbsp;<\/p>\n<p>&nbsp;<\/p>\n<p>Gr\u00e2ce \u00e0 notre certification\u00a0<strong>Qualigaz<\/strong>, toutes nos chaudi\u00e8res haut rendement ou \u00e0 condensation sont \u00e9ligibles au cr\u00e9dit d&rsquo;imp\u00f4t suivant les textes officiels en vigueur \u00e0 savoir :<\/p>\n<ul>\n<li>Chaudi\u00e8re gaz type ventouse<\/li>\n<li>Chaudi\u00e8re gaz pos\u00e9e au sol<\/li>\n<li>Chaudi\u00e8re fuel pos\u00e9e au sol<\/li>\n<li>Chaudi\u00e8re avec ou sans ballon sanitaire gaz ou fuel<\/li>\n<\/ul>\n<p>Pour installer ou renouveler votre syst\u00e8me de chauffage,\u00a0<strong>Chapat Energie<\/strong>\u00a0dispose d&rsquo;un service de plomberie\u00a0<strong>chauffagiste<\/strong>\u00a0avec du personnel qualifi\u00e9 et comp\u00e9tent.<\/p>\n<p>Nous pouvons prendre en charge la d\u00e9pose compl\u00e8te de votre anci<img loading=\"lazy\" decoding=\"async\" class=\"wp-image-344 size-thumbnail alignleft\" src=\"http:\/\/chapat-energie.fr\/wp-content\/uploads\/2017\/03\/IMG_2785-113x150.jpg\" alt=\"\" width=\"113\" height=\"150\" srcset=\"https:\/\/chapat-energie.fr\/wp-content\/uploads\/2017\/03\/IMG_2785-113x150.jpg 113w, https:\/\/chapat-energie.fr\/wp-content\/uploads\/2017\/03\/IMG_2785-225x300.jpg 225w, https:\/\/chapat-energie.fr\/wp-content\/uploads\/2017\/03\/IMG_2785-768x1024.jpg 768w\" sizes=\"auto, (max-width: 113px) 100vw, 113px\" \/>enne installation et le recyclage de celle-ci.<\/p>\n<p>Nos plombiers qualifi\u00e9s adaptent votre nouvelle installation sur les anciens tuyaux d&rsquo;alimentation d&rsquo;eau chaude et froide et de chauffage.<\/p>\n<p>&nbsp;<\/p>\n<p>Contactez-nous pour une \u00e9tude gratuite et sans engagements \u00e0 l&rsquo;aide de notre\u00a0formulaire de contact\u00a0ou en nous appelant directement au\u00a002 38 87 85 19.<\/p>\n","protected":false},"excerpt":{"rendered":"<p>Vente et installation de syst\u00e8mes de chauffage Chauffer sa maison est aujourd&rsquo;hui un poste de d\u00e9pense important qui demande une \u00e9tude pr\u00e9cise de votre installation. Avec\u00a0Chapat Energie, vous avez l&rsquo;assurance <a class=\"more-link\" href=\"https:\/\/chapat-energie.fr\/index.php\/chauffage\/\">Lire la suite \u2192<\/a><\/p>\n","protected":false},"author":1,"featured_media":0,"parent":0,"menu_order":0,"comment_status":"closed","ping_status":"open","template":"","meta":{"footnotes":""},"class_list":["post-2","page","type-page","status-publish","hentry"],"_links":{"self":[{"href":"https:\/\/chapat-energie.fr\/index.php\/wp-json\/wp\/v2\/pages\/2","targetHints":{"allow":["GET"]}}],"collection":[{"href":"https:\/\/chapat-energie.fr\/index.php\/wp-json\/wp\/v2\/pages"}],"about":[{"href":"https:\/\/chapat-energie.fr\/index.php\/wp-json\/wp\/v2\/types\/page"}],"author":[{"embeddable":true,"href":"https:\/\/chapat-energie.fr\/index.php\/wp-json\/wp\/v2\/users\/1"}],"replies":[{"embeddable":true,"href":"https:\/\/chapat-energie.fr\/index.php\/wp-json\/wp\/v2\/comments?post=2"}],"version-history":[{"count":26,"href":"https:\/\/chapat-energie.fr\/index.php\/wp-json\/wp\/v2\/pages\/2\/revisions"}],"predecessor-version":[{"id":391,"href":"https:\/\/chapat-energie.fr\/index.php\/wp-json\/wp\/v2\/pages\/2\/revisions\/391"}],"wp:attachment":[{"href":"https:\/\/chapat-energie.fr\/index.php\/wp-json\/wp\/v2\/media?parent=2"}],"curies":[{"name":"wp","href":"https:\/\/api.w.org\/{rel}","templated":true}]}}